{"id":7,"date":"2023-07-30T00:20:05","date_gmt":"2023-07-29T22:20:05","guid":{"rendered":"http:\/\/etude-pico.com\/?page_id=7"},"modified":"2023-07-30T00:22:48","modified_gmt":"2023-07-29T22:22:48","slug":"etude-pico","status":"publish","type":"page","link":"https:\/\/etude-pico.com\/","title":{"rendered":"ETUDE PICO"},"content":{"rendered":"\n<figure class=\"wp-block-image aligncenter size-full\"><img loading=\"lazy\" decoding=\"async\" width=\"512\" height=\"68\" src=\"http:\/\/etude-pico.com\/wp-content\/uploads\/2023\/07\/logo_c1703c.png\" alt=\"\" class=\"wp-image-5\" srcset=\"https:\/\/etude-pico.com\/wp-content\/uploads\/2023\/07\/logo_c1703c.png 512w, https:\/\/etude-pico.com\/wp-content\/uploads\/2023\/07\/logo_c1703c-300x40.png 300w\" sizes=\"auto, (max-width: 512px) 100vw, 512px\" \/><\/figure>\n\n\n\n<hr class=\"wp-block-separator has-alpha-channel-opacity\"\/>\n\n\n\n<p class=\"has-text-align-center has-small-font-size\"><strong>A pragmatic, multicentre, prospective, randomized, superiority study to compare the<br>performance of the single use Negative Pressure Wound Therapy System PICO versus<br>standard of care in the management of venous leg ulcers<\/strong><\/p>\n\n\n\n<div style=\"height:50px\" aria-hidden=\"true\" class=\"wp-block-spacer\"><\/div>\n\n\n\n<div class=\"wp-block-buttons is-content-justification-center is-layout-flex wp-container-core-buttons-is-layout-a89b3969 wp-block-buttons-is-layout-flex\">\n<div class=\"wp-block-button is-style-fill\"><a class=\"wp-block-button__link has-foreground-color has-text-color has-background wp-element-button\" href=\"https:\/\/www.cenexperimental.fr\/c1703_etude_pico\/\" style=\"border-radius:32px;background-color:#ff9e18\"><strong>ACCEDER AU QUESTIONNAIRE<\/strong><\/a><\/div>\n<\/div>\n\n\n\n<div style=\"height:50px\" aria-hidden=\"true\" class=\"wp-block-spacer\"><\/div>\n\n\n\n<hr class=\"wp-block-separator aligncenter has-alpha-channel-opacity\"\/>\n\n\n\n<p class=\"has-text-align-center\" style=\"font-size:10px\">Les informations contenues dans cette page sont exclusivement destin\u00e9es aux professionnels de sant\u00e9. En consultant cette page, vous confirmez que vous \u00eates un professionnel de sant\u00e9.<br>Si vous n\u2019avez pas directement re\u00e7u un lien vers cette page web, nous vous remercions de quitter cette page et de ne pas compl\u00e9ter de questionnaire.<\/p>\n","protected":false},"excerpt":{"rendered":"<p>A pragmatic, multicentre, prospective, randomized, superiority study to compare theperformance of the single use Negative Pressure Wound Therapy System PICO versusstandard of care in the management of venous leg ulcers Les informations contenues dans cette page sont exclusivement destin\u00e9es aux professionnels de sant\u00e9. En consultant cette page, vous confirmez que vous \u00eates un professionnel de [&hellip;]<\/p>\n","protected":false},"author":1,"featured_media":0,"parent":0,"menu_order":0,"comment_status":"closed","ping_status":"closed","template":"","meta":{"footnotes":""},"class_list":["post-7","page","type-page","status-publish","hentry"],"_links":{"self":[{"href":"https:\/\/etude-pico.com\/index.php\/wp-json\/wp\/v2\/pages\/7","targetHints":{"allow":["GET"]}}],"collection":[{"href":"https:\/\/etude-pico.com\/index.php\/wp-json\/wp\/v2\/pages"}],"about":[{"href":"https:\/\/etude-pico.com\/index.php\/wp-json\/wp\/v2\/types\/page"}],"author":[{"embeddable":true,"href":"https:\/\/etude-pico.com\/index.php\/wp-json\/wp\/v2\/users\/1"}],"replies":[{"embeddable":true,"href":"https:\/\/etude-pico.com\/index.php\/wp-json\/wp\/v2\/comments?post=7"}],"version-history":[{"count":3,"href":"https:\/\/etude-pico.com\/index.php\/wp-json\/wp\/v2\/pages\/7\/revisions"}],"predecessor-version":[{"id":14,"href":"https:\/\/etude-pico.com\/index.php\/wp-json\/wp\/v2\/pages\/7\/revisions\/14"}],"wp:attachment":[{"href":"https:\/\/etude-pico.com\/index.php\/wp-json\/wp\/v2\/media?parent=7"}],"curies":[{"name":"wp","href":"https:\/\/api.w.org\/{rel}","templated":true}]}}